{"id":3588,"date":"2019-11-01T16:21:51","date_gmt":"2019-11-01T16:21:51","guid":{"rendered":"https:\/\/inax.help\/kontaktieren-sie-uns\/"},"modified":"2020-07-30T10:14:40","modified_gmt":"2020-07-30T10:14:40","slug":"kontaktieren-sie-uns","status":"publish","type":"page","link":"https:\/\/inax.help\/de\/kontaktieren-sie-uns\/","title":{"rendered":"Kontaktieren Sie uns"},"content":{"rendered":"<p>[vc_row][vc_column width=&#8220;1\/6&#8243;][\/vc_column][vc_column width=&#8220;2\/3&#8243;]<ul class=\"iconlist iconlist iconlist-icon-medium aligncenter\"><li><div ><div class=\"iconlist-item-icon\"><i class=\"icon-envelope\"><\/i><\/div><div class=\"iconlist-item-content\"><h4>Kontaktieren Sie uns<\/h4><p>Verkauf:\u00a0 <strong>(+41) 41 511 1818<\/strong><br \/>(F\u00fcr Support Hotline nutzen)<br \/>Email:\u00a0\u00a0\u00a0\u00a0\u00a0 <strong>sales@inax.help<\/strong><br \/>Support:\u00a0 <strong>(+41) 41 560 3737<\/strong><br \/><\/div><\/div><\/li><li><div ><div class=\"iconlist-item-icon\"><i class=\"icon-map-pin\"><\/i><\/div><div class=\"iconlist-item-content\"><h4>Lokalen Support finden<\/h4><p style=\"text-align: justify\"><em><strong>INAX<span style=\"color: #99cc00\">247<\/span><\/strong><\/em> bietet seinen Kunden weltweit sein fortschrittliches Alarmserver-Management und seine Support-Services an; direkt oder durch <strong><a href=\"https:\/\/inax.help\/de\/reseller\/\">Reseller<\/a><\/strong> und authorisierte Partner.<\/p><p><\/div><\/div><\/li><li><div ><div class=\"iconlist-item-icon\"><i class=\"icon-chat\"><\/i><\/div><div class=\"iconlist-item-content\"><h4>Haben Sie Fragen?<\/h4><p style=\"text-align: justify\">Wenn Sie Notfallpl\u00e4ne f\u00fcr Ihr Unternehmen neu erstellen und verwalten m\u00f6chten, ben\u00f6tigen Sie einen Experten. Hier kommen wir ins Spiel.<\/p><p><\/div><\/div><\/li><\/ul>[vc_empty_space height=&#8220;40px&#8220;][\/vc_column][vc_column width=&#8220;1\/6&#8243;][\/vc_column][\/vc_row][vc_row full_width=&#8220;stretch_row&#8220; css=&#8220;.vc_custom_1553334965378{padding-bottom: 80px !important;}&#8220;][vc_column width=&#8220;1\/12&#8243;][\/vc_column][vc_column width=&#8220;5\/6&#8243;][vc_custom_heading text=&#8220;Generelle Anfragen&#8220; font_container=&#8220;tag:h2|text_align:center|color:%2381d742&#8243; use_theme_fonts=&#8220;yes&#8220;][vc_empty_space height=&#8220;14px&#8220;]\n<div class=\"wpcf7 no-js\" id=\"wpcf7-f4-o1\" lang=\"en-US\" dir=\"ltr\">\n<div class=\"screen-reader-response\"><p role=\"status\" aria-live=\"polite\" aria-atomic=\"true\"><\/p> <ul><\/ul><\/div>\n<form action=\"\/de\/wp-json\/wp\/v2\/pages\/3588#wpcf7-f4-o1\" method=\"post\" class=\"wpcf7-form init\" aria-label=\"Contact form\" novalidate=\"novalidate\" data-status=\"init\">\n<div style=\"display: none;\">\n<input type=\"hidden\" name=\"_wpcf7\" value=\"4\" \/>\n<input type=\"hidden\" name=\"_wpcf7_version\" value=\"5.7.7\" \/>\n<input type=\"hidden\" name=\"_wpcf7_locale\" value=\"en_US\" \/>\n<input type=\"hidden\" name=\"_wpcf7_unit_tag\" value=\"wpcf7-f4-o1\" \/>\n<input type=\"hidden\" name=\"_wpcf7_container_post\" value=\"0\" \/>\n<input type=\"hidden\" name=\"_wpcf7_posted_data_hash\" value=\"\" \/>\n<input type=\"hidden\" name=\"_wpcf7_recaptcha_response\" value=\"\" \/>\n<\/div>\n<div class=\"contact\">\n\t<div class=\"row\">\n\t\t<div class=\"columns columns-6\">\n\t\t\t<p><label>Full name * <span class=\"wpcf7-form-control-wrap\" data-name=\"text-228\"><input size=\"40\" class=\"wpcf7-form-control wpcf7-text wpcf7-validates-as-required\" aria-required=\"true\" aria-invalid=\"false\" placeholder=\"e.g., John Doe\" value=\"\" type=\"text\" name=\"text-228\" \/><\/span><\/label>\n\t\t\t<\/p>\n\t\t<\/div>\n\t\t<div class=\"columns columns-6\">\n\t\t\t<p><label>Organization * <span class=\"wpcf7-form-control-wrap\" data-name=\"text-228\"><input size=\"40\" class=\"wpcf7-form-control wpcf7-text wpcf7-validates-as-required\" aria-required=\"true\" aria-invalid=\"false\" placeholder=\"Company Name\" value=\"\" type=\"text\" name=\"text-228\" \/><\/span><\/label>\n\t\t\t<\/p>\n\t\t<\/div>\n\t<\/div>\n\t<div class=\"row\">\n\t\t<div class=\"columns columns-6\">\n\t\t\t<p><label>Work email address * <span class=\"wpcf7-form-control-wrap\" data-name=\"email-322\"><input size=\"40\" class=\"wpcf7-form-control wpcf7-text wpcf7-email wpcf7-validates-as-required wpcf7-validates-as-email\" aria-required=\"true\" aria-invalid=\"false\" placeholder=\"name@company.com\" value=\"\" type=\"email\" name=\"email-322\" \/><\/span><\/label>\n\t\t\t<\/p>\n\t\t<\/div>\n\t\t<div class=\"columns columns-6\">\n\t\t\t<p><label>Phone number <span class=\"wpcf7-form-control-wrap\" data-name=\"tel-744\"><input size=\"40\" class=\"wpcf7-form-control wpcf7-text wpcf7-tel wpcf7-validates-as-tel\" aria-invalid=\"false\" placeholder=\"Full Number (incl. prefix)\" value=\"\" type=\"tel\" name=\"tel-744\" \/><\/span><\/label>\n\t\t\t<\/p>\n\t\t<\/div>\n\t<\/div>\n\t<div class=\"row\">\n\t\t<div class=\"columns columns-6\">\n\t\t\t<p><label>Company size * <span class=\"wpcf7-form-control-wrap\" data-name=\"menu-570\"><select class=\"wpcf7-form-control wpcf7-select wpcf7-validates-as-required\" aria-required=\"true\" aria-invalid=\"false\" name=\"menu-570\"><option value=\"Please Select\">Please Select<\/option><option value=\"1 (freelancer)\">1 (freelancer)<\/option><option value=\"2-19\">2-19<\/option><option value=\"20-49\">20-49<\/option><option value=\"50+\">50+<\/option><\/select><\/span><\/label>\n\t\t\t<\/p>\n\t\t<\/div>\n\t\t<div class=\"columns columns-6\">\n\t\t\t<p><label>What is your inquiry about? * <span class=\"wpcf7-form-control-wrap\" data-name=\"menu-571\"><select class=\"wpcf7-form-control wpcf7-select wpcf7-validates-as-required\" aria-required=\"true\" aria-invalid=\"false\" name=\"menu-571\"><option value=\"Please Select\">Please Select<\/option><option value=\"Careers\">Careers<\/option><option value=\"General Information Request\">General Information Request<\/option><option value=\"Join as Reseller\">Join as Reseller<\/option><option value=\"Partner Relations\">Partner Relations<\/option><option value=\"Software Licencing\">Software Licencing<\/option><option value=\"Support - NO EMERGENCY SUPPORT!\">Support - NO EMERGENCY SUPPORT!<\/option><\/select><\/span><\/label>\n\t\t\t<\/p>\n\t\t<\/div>\n\t<\/div>\n\t<div class=\"row\">\n\t\t<div class=\"columns columns-12\">\n\t\t\t<p><label>How we can help you? * <span class=\"wpcf7-form-control-wrap\" data-name=\"textarea-431\"><textarea cols=\"40\" rows=\"10\" class=\"wpcf7-form-control wpcf7-textarea wpcf7-validates-as-required\" aria-required=\"true\" aria-invalid=\"false\" placeholder=\"Let us know what you need.\" name=\"textarea-431\"><\/textarea><\/span><\/label>\n\t\t\t<\/p>\n\t\t<\/div>\n\t<\/div>\n\t<div class=\"row\">\n\t\t<div class=\"columns columns-12\">\n\t\t\t<p><input class=\"wpcf7-form-control has-spinner wpcf7-submit primary\" type=\"submit\" value=\"Submit\" \/>\n\t\t\t<\/p>\n\t\t<\/div>\n\t<\/div>\n<\/div><div class=\"wpcf7-response-output\" aria-hidden=\"true\"><\/div>\n<\/form>\n<\/div>\n[vc_empty_space height=&#8220;40px&#8220;][vc_column_text]<\/p>\n<p style=\"text-align: center;\">Alternativ geht auch eine Email an contact@inax.help oder melden Sie sich auf unserer <strong>Hotline +41 41 560 3737<\/strong><\/p>\n<p>[\/vc_column_text][\/vc_column][vc_column width=&#8220;1\/12&#8243;][\/vc_column][\/vc_row][vc_row full_width=&#8220;stretch_row&#8220; css=&#8220;.vc_custom_1553334965378{padding-bottom: 80px !important;}&#8220;][vc_column width=&#8220;1\/12&#8243;][\/vc_column][vc_column width=&#8220;5\/6&#8243;][vc_custom_heading text=&#8220;Nur Support Tickets!&#8220; font_container=&#8220;tag:h2|text_align:center|color:%2381d742&#8243; use_theme_fonts=&#8220;yes&#8220;][vc_empty_space height=&#8220;14px&#8220;]\n<div class=\"wpcf7 no-js\" id=\"wpcf7-f5455-o2\" lang=\"en-US\" dir=\"ltr\">\n<div class=\"screen-reader-response\"><p role=\"status\" aria-live=\"polite\" aria-atomic=\"true\"><\/p> <ul><\/ul><\/div>\n<form action=\"\/de\/wp-json\/wp\/v2\/pages\/3588#wpcf7-f5455-o2\" method=\"post\" class=\"wpcf7-form init\" aria-label=\"Contact form\" novalidate=\"novalidate\" data-status=\"init\">\n<div style=\"display: none;\">\n<input type=\"hidden\" name=\"_wpcf7\" value=\"5455\" \/>\n<input type=\"hidden\" name=\"_wpcf7_version\" value=\"5.7.7\" \/>\n<input type=\"hidden\" name=\"_wpcf7_locale\" value=\"en_US\" \/>\n<input type=\"hidden\" name=\"_wpcf7_unit_tag\" value=\"wpcf7-f5455-o2\" \/>\n<input type=\"hidden\" name=\"_wpcf7_container_post\" value=\"0\" \/>\n<input type=\"hidden\" name=\"_wpcf7_posted_data_hash\" value=\"\" \/>\n<input type=\"hidden\" name=\"_wpcf7_recaptcha_response\" value=\"\" \/>\n<\/div>\n<div class=\"contact\">\n\t<div class=\"row\">\n\t\t<div class=\"columns columns-6\">\n\t\t\t<p><label>Vor- + Zuname * <span class=\"wpcf7-form-control-wrap\" data-name=\"text-228\"><input size=\"40\" class=\"wpcf7-form-control wpcf7-text wpcf7-validates-as-required\" aria-required=\"true\" aria-invalid=\"false\" placeholder=\"e.g., Max Muster\" value=\"\" type=\"text\" name=\"text-228\" \/><\/span><\/label>\n\t\t\t<\/p>\n\t\t<\/div>\n\t\t<div class=\"columns columns-6\">\n\t\t\t<p><label>Firma \/ Organisation * <span class=\"wpcf7-form-control-wrap\" data-name=\"text-817\"><input size=\"40\" class=\"wpcf7-form-control wpcf7-text wpcf7-validates-as-required\" aria-required=\"true\" aria-invalid=\"false\" placeholder=\"Firmenname\" value=\"\" type=\"text\" name=\"text-817\" \/><\/span><\/label>\n\t\t\t<\/p>\n\t\t<\/div>\n\t<\/div>\n\t<div class=\"row\">\n\t\t<div class=\"columns columns-6\">\n\t\t\t<p><label>Festnetztelefon <span class=\"wpcf7-form-control-wrap\" data-name=\"tel-744\"><input size=\"40\" class=\"wpcf7-form-control wpcf7-text wpcf7-tel wpcf7-validates-as-tel\" aria-invalid=\"false\" placeholder=\"Rufnummer (inkl. Vorwahl)\" value=\"\" type=\"tel\" name=\"tel-744\" \/><\/span><\/label>\n\t\t\t<\/p>\n\t\t<\/div>\n\t\t<div class=\"columns columns-6\">\n\t\t\t<p><label>Mobilnummer <span class=\"wpcf7-form-control-wrap\" data-name=\"tel-97\"><input size=\"40\" class=\"wpcf7-form-control wpcf7-text wpcf7-tel wpcf7-validates-as-tel\" aria-invalid=\"false\" placeholder=\"Mobilnummer (inkl. Vorwahl)\" value=\"\" type=\"tel\" name=\"tel-97\" \/><\/span><\/label>\n\t\t\t<\/p>\n\t\t<\/div>\n\t<\/div>\n\t<div class=\"row\">\n\t\t<div class=\"columns columns-6\">\n\t\t\t<p><label>Emailadresse f\u00fcr Support * <span class=\"wpcf7-form-control-wrap\" data-name=\"email-322\"><input size=\"40\" class=\"wpcf7-form-control wpcf7-text wpcf7-email wpcf7-validates-as-required wpcf7-validates-as-email\" aria-required=\"true\" aria-invalid=\"false\" placeholder=\"name@company.com\" value=\"\" type=\"email\" name=\"email-322\" \/><\/span><\/label>\n\t\t\t<\/p>\n\t\t<\/div>\n\t\t<div class=\"columns columns-6\">\n\t\t\t<p><label>Ticket Eskalation * <span class=\"wpcf7-form-control-wrap\" data-name=\"menu-570\"><select class=\"wpcf7-form-control wpcf7-select wpcf7-validates-as-required\" aria-required=\"true\" aria-invalid=\"false\" name=\"menu-570\"><option value=\"Bitte ausw\u00e4hlen\">Bitte ausw\u00e4hlen<\/option><option value=\"Dringend\">Dringend<\/option><option value=\"Moderat\">Moderat<\/option><option value=\"Demn\u00e4chst\">Demn\u00e4chst<\/option><\/select><\/span><\/label>\n\t\t\t<\/p>\n\t\t<\/div>\n\t<\/div>\n\t<div class=\"row\">\n\t\t<div class=\"columns columns-6\">\n\t\t\t<p><label>Welches Produkt ist betroffen? * <span class=\"wpcf7-form-control-wrap\" data-name=\"menu-571\"><select class=\"wpcf7-form-control wpcf7-select wpcf7-validates-as-required\" aria-required=\"true\" aria-invalid=\"false\" name=\"menu-571\"><option value=\"Bitte ausw\u00e4hlen\">Bitte ausw\u00e4hlen<\/option><option value=\"ixArma\">ixArma<\/option><option value=\"Chipnet\">Chipnet<\/option><option value=\"BACnet-WAGO\">BACnet-WAGO<\/option><option value=\"BACnet-Beckhoff\">BACnet-Beckhoff<\/option><option value=\"BACnet andere\">BACnet andere<\/option><option value=\"App (IOS)\">App (IOS)<\/option><option value=\"App (Android)\">App (Android)<\/option><option value=\"Genereller Support\">Genereller Support<\/option><option value=\"Keine Ahnung - nicht bekannt\">Keine Ahnung - nicht bekannt<\/option><option value=\"Andere\">Andere<\/option><\/select><\/span><\/label>\n\t\t\t<\/p>\n\t\t<\/div>\n\t\t<div class=\"columns columns-6\">\n\t\t\t<p><label>Welche Version der Installation? * <span class=\"wpcf7-form-control-wrap\" data-name=\"menu-779\"><select class=\"wpcf7-form-control wpcf7-select wpcf7-validates-as-required\" aria-required=\"true\" aria-invalid=\"false\" name=\"menu-779\"><option value=\"Bitte ausw\u00e4hlen\">Bitte ausw\u00e4hlen<\/option><option value=\"ixArma 6\">ixArma 6<\/option><option value=\"ixArma 5\">ixArma 5<\/option><option value=\"ixArma 4\">ixArma 4<\/option><option value=\"ixArma 3\">ixArma 3<\/option><option value=\"Fr\u00fchere Version - nicht bekannt\">Fr\u00fchere Version - nicht bekannt<\/option><\/select><\/span><\/label>\n\t\t\t<\/p>\n\t\t<\/div>\n\t<\/div>\n\t<div class=\"row\">\n\t\t<div class=\"columns columns-12\">\n\t\t\t<p><label>Wann wurde das letzte Update vorgenommen? * <span class=\"wpcf7-form-control-wrap\" data-name=\"menu-971\"><select class=\"wpcf7-form-control wpcf7-select wpcf7-validates-as-required\" aria-required=\"true\" aria-invalid=\"false\" name=\"menu-971\"><option value=\"Bitte ausw\u00e4hlen\">Bitte ausw\u00e4hlen<\/option><option value=\"2020\">2020<\/option><option value=\"2019\">2019<\/option><option value=\"2018\">2018<\/option><option value=\"2017\">2017<\/option><option value=\"ixArma 3\">ixArma 3<\/option><option value=\"Fr\u00fcherer Zeitpunkt\">Fr\u00fcherer Zeitpunkt<\/option><option value=\"nicht bekannt\">nicht bekannt<\/option><\/select><\/span><\/label>\n\t\t\t<\/p>\n\t\t<\/div>\n\t<\/div>\n\t<div class=\"row\">\n\t\t<div class=\"columns columns-12\">\n\t\t\t<p><label>Wie k\u00f6nnen wir Ihnen helfen? * <span class=\"wpcf7-form-control-wrap\" data-name=\"textarea-902\"><textarea cols=\"40\" rows=\"10\" class=\"wpcf7-form-control wpcf7-textarea wpcf7-validates-as-required\" aria-required=\"true\" aria-invalid=\"false\" placeholder=\"Bitte beschreiben Sie kurz das Problem und erlauben Sie auf Nachfrage Remote Access via Team Viewer.\" name=\"textarea-902\"><\/textarea><\/span><\/label>\n\t\t\t<\/p>\n\t\t<\/div>\n\t<\/div>\n\t<div class=\"row\">\n\t\t<div class=\"columns columns-12\">\n\t\t\t<p><input class=\"wpcf7-form-control has-spinner wpcf7-submit primary\" type=\"submit\" value=\"Senden\" \/>\n\t\t\t<\/p>\n\t\t<\/div>\n\t<\/div>\n<\/div><div class=\"wpcf7-response-output\" aria-hidden=\"true\"><\/div>\n<\/form>\n<\/div>\n[vc_empty_space height=&#8220;40px&#8220;][vc_column_text]<\/p>\n<p style=\"text-align: center;\">Alternativ geht auch eine Email an support@inax.help oder melden Sie sich auf unserer <strong>Hotline +41 41 560 3737<\/strong><\/p>\n<p>[\/vc_column_text][\/vc_column][vc_column width=&#8220;1\/12&#8243;][\/vc_column][\/vc_row][vc_row][vc_column][vc_separator color=&#8220;custom&#8220; accent_color=&#8220;rgba(35,24,52,0.15)&#8220;][\/vc_column][\/vc_row][vc_row full_width=&#8220;stretch_row_content_no_spaces&#8220;][vc_column][vc_gmaps link=&#8220;#E-8_JTNDaWZyYW1lJTIwc3JjJTNEJTIyaHR0cHMlM0ElMkYlMkZ3d3cuZ29vZ2xlLmNvbSUyRm1hcHMlMkZlbWJlZCUzRnBiJTNEJTIxMW0xOCUyMTFtMTIlMjExbTMlMjExZDI3MTEuNDEwODc2ODExNTU1JTIxMmQ4LjQ3NTM2OTMxNTk3MTk0OCUyMTNkNDcuMTg4OTY5OTc5MTU5MDUlMjEybTMlMjExZjAlMjEyZjAlMjEzZjAlMjEzbTIlMjExaTEwMjQlMjEyaTc2OCUyMTRmMTMuMSUyMTNtMyUyMTFtMiUyMTFzMHg0NzkwMDA5YTJlYTlmNGQzJTI1M0EweGFmOTgzMDk0NjAxY2RiMmQlMjEyc1JpZWRzdHJhc3NlJTI1MjAxMyUyNTJDJTI1MjA2MzMwJTI1MjBDaGFtJTIxNWUwJTIxM20yJTIxMXNkZSUyMTJzY2glMjE0djE1ODAxMzIxMzg5OTglMjE1bTIlMjExc2RlJTIxMnNjaCUyMiUyMHdpZHRoJTNEJTIyNjAwJTIyJTIwaGVpZ2h0JTNEJTIyNDUwJTIyJTIwZnJhbWVib3JkZXIlM0QlMjIwJTIyJTIwc3R5bGUlM0QlMjJib3JkZXIlM0EwJTNCJTIyJTIwYWxsb3dmdWxsc2NyZWVuJTNEJTIyJTIyJTNFJTNDJTJGaWZyYW1lJTNF&#8220;][\/vc_column][\/vc_row]<\/p>\n","protected":false},"excerpt":{"rendered":"<p>[vc_row][vc_column width=&#8220;1\/6&#8243;][\/vc_column][vc_column width=&#8220;2\/3&#8243;][vc_empty_space height=&#8220;40px&#8220;][\/vc_column][vc_column width=&#8220;1\/6&#8243;][\/vc_column][\/vc_row][vc_row full_width=&#8220;stretch_row&#8220; css=&#8220;.vc_custom_1553334965378{padding-bottom: 80px !important;}&#8220;][vc_column width=&#8220;1\/12&#8243;][\/vc_column][vc_column width=&#8220;5\/6&#8243;][vc_custom_heading text=&#8220;Generelle Anfragen&#8220; font_container=&#8220;tag:h2|text_align:center|color:%2381d742&#8243; use_theme_fonts=&#8220;yes&#8220;][vc_empty_space height=&#8220;14px&#8220;][vc_empty_space height=&#8220;40px&#8220;][vc_column_text] Alternativ geht auch eine Email an contact@inax.help oder melden Sie sich auf unserer Hotline +41 41 560 3737 [\/vc_column_text][\/vc_column][vc_column width=&#8220;1\/12&#8243;][\/vc_column][\/vc_row][vc_row full_width=&#8220;stretch_row&#8220; css=&#8220;.vc_custom_1553334965378{padding-bottom: 80px !important;}&#8220;][vc_column width=&#8220;1\/12&#8243;][\/vc_column][vc_column width=&#8220;5\/6&#8243;][vc_custom_heading text=&#8220;Nur Support Tickets!&#8220; font_container=&#8220;tag:h2|text_align:center|color:%2381d742&#8243; use_theme_fonts=&#8220;yes&#8220;][vc_empty_space height=&#8220;14px&#8220;][vc_empty_space height=&#8220;40px&#8220;][vc_column_text] Alternativ geht auch eine Email [&hellip;]<\/p>\n","protected":false},"author":5,"featured_media":0,"parent":0,"menu_order":2,"comment_status":"closed","ping_status":"closed","template":"","meta":[],"yoast_head":"<!-- This site is optimized with the Yoast SEO Premium plugin v15.5 - https:\/\/yoast.com\/wordpress\/plugins\/seo\/ -->\n<title>Kontaktieren Sie uns - Swiss Alarm Server Management<\/title>\n<meta name=\"description\" content=\"INAX - Kontaktieren Sie uns f\u00fcr ultimatives Alarmservermanagement, spezielle Notfallpl\u00e4ne und Risikomanagementl\u00f6sungen in der Schweiz und in Europa.\" \/>\n<meta name=\"robots\" content=\"noindex, follow, max-snippet:-1, max-image-preview:large, max-video-preview:-1\" \/>\n<meta property=\"og:locale\" content=\"de_DE\" \/>\n<meta property=\"og:type\" content=\"article\" \/>\n<meta property=\"og:title\" content=\"Kontaktieren Sie uns - Swiss Alarm Server Management\" \/>\n<meta property=\"og:description\" content=\"INAX - Kontaktieren Sie uns f\u00fcr ultimatives Alarmservermanagement, spezielle Notfallpl\u00e4ne und Risikomanagementl\u00f6sungen in der Schweiz und in Europa.\" \/>\n<meta property=\"og:url\" content=\"https:\/\/inax.help\/de\/kontaktieren-sie-uns\/\" \/>\n<meta property=\"og:site_name\" content=\"Swiss Alarm Server Management\" \/>\n<meta property=\"article:modified_time\" content=\"2020-07-30T10:14:40+00:00\" \/>\n<meta name=\"twitter:card\" content=\"summary_large_image\" \/>\n<meta name=\"twitter:label1\" content=\"Est. reading time\">\n\t<meta name=\"twitter:data1\" content=\"1\u00a0Minute\">\n<script type=\"application\/ld+json\" class=\"yoast-schema-graph\">{\"@context\":\"https:\/\/schema.org\",\"@graph\":[{\"@type\":\"WebSite\",\"@id\":\"https:\/\/inax.help\/#website\",\"url\":\"https:\/\/inax.help\/\",\"name\":\"Swiss Alarm Server Management\",\"description\":\"Marktf\\u00fchrende Notfalleinsatz- und Notfallplanung\\r\\n\\r\\n\",\"potentialAction\":[{\"@type\":\"SearchAction\",\"target\":\"https:\/\/inax.help\/?s={search_term_string}\",\"query-input\":\"required name=search_term_string\"}],\"inLanguage\":\"de\"},{\"@type\":\"WebPage\",\"@id\":\"https:\/\/inax.help\/de\/kontaktieren-sie-uns\/#webpage\",\"url\":\"https:\/\/inax.help\/de\/kontaktieren-sie-uns\/\",\"name\":\"Kontaktieren Sie uns - Swiss Alarm Server Management\",\"isPartOf\":{\"@id\":\"https:\/\/inax.help\/#website\"},\"datePublished\":\"2019-11-01T16:21:51+00:00\",\"dateModified\":\"2020-07-30T10:14:40+00:00\",\"description\":\"INAX - Kontaktieren Sie uns f\\u00fcr ultimatives Alarmservermanagement, spezielle Notfallpl\\u00e4ne und Risikomanagementl\\u00f6sungen in der Schweiz und in Europa.\",\"inLanguage\":\"de\",\"potentialAction\":[{\"@type\":\"ReadAction\",\"target\":[\"https:\/\/inax.help\/de\/kontaktieren-sie-uns\/\"]}]}]}<\/script>\n<!-- \/ Yoast SEO Premium plugin. -->","_links":{"self":[{"href":"https:\/\/inax.help\/de\/wp-json\/wp\/v2\/pages\/3588"}],"collection":[{"href":"https:\/\/inax.help\/de\/wp-json\/wp\/v2\/pages"}],"about":[{"href":"https:\/\/inax.help\/de\/wp-json\/wp\/v2\/types\/page"}],"author":[{"embeddable":true,"href":"https:\/\/inax.help\/de\/wp-json\/wp\/v2\/users\/5"}],"replies":[{"embeddable":true,"href":"https:\/\/inax.help\/de\/wp-json\/wp\/v2\/comments?post=3588"}],"version-history":[{"count":30,"href":"https:\/\/inax.help\/de\/wp-json\/wp\/v2\/pages\/3588\/revisions"}],"predecessor-version":[{"id":5526,"href":"https:\/\/inax.help\/de\/wp-json\/wp\/v2\/pages\/3588\/revisions\/5526"}],"wp:attachment":[{"href":"https:\/\/inax.help\/de\/wp-json\/wp\/v2\/media?parent=3588"}],"curies":[{"name":"wp","href":"https:\/\/api.w.org\/{rel}","templated":true}]}}