{"id":3505,"date":"2019-10-29T10:57:29","date_gmt":"2019-10-29T10:57:29","guid":{"rendered":"https:\/\/inax.help\/karriere\/"},"modified":"2020-01-05T08:41:28","modified_gmt":"2020-01-05T08:41:28","slug":"karriere","status":"publish","type":"page","link":"https:\/\/inax.help\/de\/karriere\/","title":{"rendered":"Karriere"},"content":{"rendered":"<p>[vc_row css=&#8220;.vc_custom_1554191782018{padding-top: 80px !important;padding-bottom: 40px !important;}&#8220;][vc_column][vc_custom_heading text=&#8220;WARUM KARRIERE BEI INAX?&#8220; font_container=&#8220;tag:h2|text_align:center|color:%2381d742&#8243; use_theme_fonts=&#8220;yes&#8220; css_animation=&#8220;bounceInRight&#8220;][vc_empty_space]<ul class=\"iconlist iconlist iconlist-icon-small number columns-4\"><li><div ><div class=\"iconlist-item-icon\"><\/div><div class=\"iconlist-item-content\"><h4>TEAMWORK<\/h4><p style=\"text-align: justify\">Die Zusammenarbeit ist f\u00fcr unseren Erfolg von gr\u00f6\u00dfter Bedeutung. Wir f\u00f6rdern Meinungsvielfalt und Vertrauen.<\/p><p><\/div><\/div><\/li><li><div ><div class=\"iconlist-item-icon\"><\/div><div class=\"iconlist-item-content\"><h4>RESPEKT<\/h4><p style=\"text-align: justify\">Behandeln Sie alle Mitarbeiter, Lieferanten und Partner mit Respekt. Wir leben von Transparenz und Ehrlichkeit.<\/p><p><\/div><\/div><\/li><li><div ><div class=\"iconlist-item-icon\"><\/div><div class=\"iconlist-item-content\"><h4>LEIDENSCHAFT<\/h4><p style=\"text-align: justify\">Wir sind begeistert von der Karriere unserer Mitarbeiter, unserer Partner und unserer Produkte.<\/p><p><\/div><\/div><\/li><li><div ><div class=\"iconlist-item-icon\"><\/div><div class=\"iconlist-item-content\"><h4>INNOVATION<\/h4><p style=\"text-align: justify\">Wagen Sie es im Gesch\u00e4ft anders zu sein, gehen Sie kalkulierte Risiken ein, lernen Sie voneinander und gehen Sie die Extrameile.<\/p><p><\/div><\/div><\/li><\/ul>[\/vc_column][\/vc_row][vc_row full_width=&#8220;stretch_row&#8220; css=&#8220;.vc_custom_1554192035736{padding-top: 80px !important;padding-bottom: 80px !important;background-color: #ffffff !important;}&#8220;][vc_column][vc_custom_heading text=&#8220;Hervorragende Karrierem\u00f6glichkeiten. Erg\u00e4nzen Sie unser Team!&#8220; font_container=&#8220;tag:h4|font_size:16px|text_align:center|color:%2381d742&#8243; use_theme_fonts=&#8220;yes&#8220; css_animation=&#8220;bounceInRight&#8220; el_class=&#8220;style1&#8243;][vc_empty_space height=&#8220;14px&#8220;][vc_custom_heading text=&#8220;OFFENE STELLEN&#8220; font_container=&#8220;tag:h2|text_align:center&#8220; use_theme_fonts=&#8220;yes&#8220;][vc_empty_space height=&#8220;10px&#8220;][vc_column_text]<\/p>\n<div id=\"tw-target-text-container\" class=\"tw-ta-container tw-nfl\">\n<p id=\"tw-target-text\" class=\"tw-data-text tw-text-large tw-ta\" dir=\"ltr\" style=\"text-align: center;\" data-placeholder=\"\u00dcbersetzung\"><span lang=\"de\" tabindex=\"0\">F\u00fchlen Sie sich erf\u00fcllt. Haben Sie Spa\u00df. Helfen Sie uns, die Zukunft zu gestalten.<\/span><\/p>\n<\/div>\n<div id=\"z6maec\" class=\"tw-ta-container tw-nfl\">\n<pre id=\"tw-target-rmn\" class=\"tw-data-placeholder tw-text-small tw-ta\" dir=\"ltr\" data-placeholder=\"\"><\/pre>\n<\/div>\n<p>[\/vc_column_text][vc_empty_space height=&#8220;50px&#8220;][vc_column_text]<\/p>\n<table style=\"width: 92.8191%;\">\n<thead>\n<tr>\n<th style=\"width: 47.8079%;\">Rolle<\/th>\n<th style=\"width: 17.9541%;\">Standort<\/th>\n<th style=\"width: 14.8225%;\">Art<\/th>\n<th style=\"width: 22.1603%;\"><\/th>\n<\/tr>\n<\/thead>\n<tbody>\n<tr>\n<td style=\"width: 47.8079%;\">\n<h6 class=\"no-margin-top no-margin-bottom\"><a href=\"https:\/\/isando.tech\/careers\/server-administrator\/\">Server Administrator\/ Network Engineer<\/a><\/h6>\n<\/td>\n<td style=\"width: 17.9541%; text-align: left;\">Cham\/Zug<\/td>\n<td style=\"width: 14.8225%; text-align: left;\">Vollzeit<\/td>\n<td class=\"text-right\" style=\"width: 22.1603%;\"><a class=\"button small\" href=\"https:\/\/inax.help\/de\/kontaktieren-sie-uns\/\">Jetzt bewerben<\/a><\/td>\n<\/tr>\n<tr>\n<td style=\"width: 47.8079%;\">\n<h6 class=\"no-margin-top no-margin-bottom\"><a href=\"https:\/\/isando.tech\/careers\/network-solutions-specialists\/\">Network Solutions Specialist<\/a><\/h6>\n<\/td>\n<td style=\"width: 17.9541%; text-align: left;\">Cham\/Zug<\/td>\n<td style=\"width: 14.8225%; text-align: left;\">Vollzeit<\/td>\n<td class=\"text-right\" style=\"width: 22.1603%;\"><a class=\"button small\" href=\"https:\/\/inax.help\/de\/kontaktieren-sie-uns\/\">Jetzt bewerben<\/a><\/td>\n<\/tr>\n<tr>\n<td style=\"width: 47.8079%;\">\n<h6 class=\"no-margin-top no-margin-bottom\"><a href=\"https:\/\/isando.tech\/careers\/full-stack-developer\/\">Full-Stack-Developer<\/a><\/h6>\n<\/td>\n<td style=\"width: 17.9541%; text-align: left;\">Zug<\/td>\n<td style=\"width: 14.8225%; text-align: left;\">Vollzeit<\/td>\n<td class=\"text-right\" style=\"width: 22.1603%;\"><a class=\"button small\" href=\"https:\/\/inax.help\/de\/kontaktieren-sie-uns\/\">Jetzt bewerben<\/a><\/td>\n<\/tr>\n<\/tbody>\n<\/table>\n<p>[\/vc_column_text][vc_empty_space height=&#8220;40px&#8220;][vc_column_text]<\/p>\n<p id=\"tw-target-text\" class=\"tw-data-text tw-text-large tw-ta\" dir=\"ltr\" style=\"text-align: center;\" data-placeholder=\"\u00dcbersetzung\"><span lang=\"de\" tabindex=\"0\">Wir sind immer auf der Suche nach talentierten Leuten, die sich unserem Team anschlie\u00dfen. Folgen Sie uns auf Social Media!<\/span><\/p>\n<p>[\/vc_column_text][\/vc_column][\/vc_row]<\/p>\n","protected":false},"excerpt":{"rendered":"<p>[vc_row css=&#8220;.vc_custom_1554191782018{padding-top: 80px !important;padding-bottom: 40px !important;}&#8220;][vc_column][vc_custom_heading text=&#8220;WARUM KARRIERE BEI INAX?&#8220; font_container=&#8220;tag:h2|text_align:center|color:%2381d742&#8243; use_theme_fonts=&#8220;yes&#8220; css_animation=&#8220;bounceInRight&#8220;][vc_empty_space][\/vc_column][\/vc_row][vc_row full_width=&#8220;stretch_row&#8220; css=&#8220;.vc_custom_1554192035736{padding-top: 80px !important;padding-bottom: 80px !important;background-color: #ffffff !important;}&#8220;][vc_column][vc_custom_heading text=&#8220;Hervorragende Karrierem\u00f6glichkeiten. Erg\u00e4nzen Sie unser Team!&#8220; font_container=&#8220;tag:h4|font_size:16px|text_align:center|color:%2381d742&#8243; use_theme_fonts=&#8220;yes&#8220; css_animation=&#8220;bounceInRight&#8220; el_class=&#8220;style1&#8243;][vc_empty_space height=&#8220;14px&#8220;][vc_custom_heading text=&#8220;OFFENE STELLEN&#8220; font_container=&#8220;tag:h2|text_align:center&#8220; use_theme_fonts=&#8220;yes&#8220;][vc_empty_space height=&#8220;10px&#8220;][vc_column_text] F\u00fchlen Sie sich erf\u00fcllt. Haben Sie Spa\u00df. Helfen Sie uns, die Zukunft zu gestalten. [\/vc_column_text][vc_empty_space height=&#8220;50px&#8220;][vc_column_text] Rolle Standort [&hellip;]<\/p>\n","protected":false},"author":5,"featured_media":0,"parent":0,"menu_order":0,"comment_status":"closed","ping_status":"closed","template":"","meta":[],"yoast_head":"<!-- This site is optimized with the Yoast SEO Premium plugin v15.5 - https:\/\/yoast.com\/wordpress\/plugins\/seo\/ -->\n<title>Karriere - Swiss Alarm Server Management<\/title>\n<meta name=\"description\" content=\"INAX247 bietet hervorragende Karrierem\u00f6glichkeiten in verschiedenen Spezialisierungen und Standorten in der Schweiz und der EU. Sprechen Sie mit uns, um mehr zu erfahren.\" \/>\n<meta name=\"robots\" content=\"noindex, follow, max-snippet:-1, max-image-preview:large, max-video-preview:-1\" \/>\n<meta property=\"og:locale\" content=\"de_DE\" \/>\n<meta property=\"og:type\" content=\"article\" \/>\n<meta property=\"og:title\" content=\"Karriere - Swiss Alarm Server Management\" \/>\n<meta property=\"og:description\" content=\"INAX247 bietet hervorragende Karrierem\u00f6glichkeiten in verschiedenen Spezialisierungen und Standorten in der Schweiz und der EU. Sprechen Sie mit uns, um mehr zu erfahren.\" \/>\n<meta property=\"og:url\" content=\"https:\/\/inax.help\/de\/karriere\/\" \/>\n<meta property=\"og:site_name\" content=\"Swiss Alarm Server Management\" \/>\n<meta property=\"article:modified_time\" content=\"2020-01-05T08:41:28+00:00\" \/>\n<meta name=\"twitter:card\" content=\"summary_large_image\" \/>\n<meta name=\"twitter:label1\" content=\"Gesch\u00e4tzte Lesezeit\">\n\t<meta name=\"twitter:data1\" content=\"1\u00a0Minute\">\n<script type=\"application\/ld+json\" class=\"yoast-schema-graph\">{\"@context\":\"https:\/\/schema.org\",\"@graph\":[{\"@type\":\"WebSite\",\"@id\":\"https:\/\/inax.help\/#website\",\"url\":\"https:\/\/inax.help\/\",\"name\":\"Swiss Alarm Server Management\",\"description\":\"Marktf\\u00fchrende Notfalleinsatz- und Notfallplanung\\r\\n\\r\\n\",\"potentialAction\":[{\"@type\":\"SearchAction\",\"target\":\"https:\/\/inax.help\/?s={search_term_string}\",\"query-input\":\"required name=search_term_string\"}],\"inLanguage\":\"de\"},{\"@type\":\"WebPage\",\"@id\":\"https:\/\/inax.help\/de\/karriere\/#webpage\",\"url\":\"https:\/\/inax.help\/de\/karriere\/\",\"name\":\"Karriere - Swiss Alarm Server Management\",\"isPartOf\":{\"@id\":\"https:\/\/inax.help\/#website\"},\"datePublished\":\"2019-10-29T10:57:29+00:00\",\"dateModified\":\"2020-01-05T08:41:28+00:00\",\"description\":\"INAX247 bietet hervorragende Karrierem\\u00f6glichkeiten in verschiedenen Spezialisierungen und Standorten in der Schweiz und der EU. Sprechen Sie mit uns, um mehr zu erfahren.\",\"inLanguage\":\"de\",\"potentialAction\":[{\"@type\":\"ReadAction\",\"target\":[\"https:\/\/inax.help\/de\/karriere\/\"]}]}]}<\/script>\n<!-- \/ Yoast SEO Premium plugin. -->","_links":{"self":[{"href":"https:\/\/inax.help\/de\/wp-json\/wp\/v2\/pages\/3505"}],"collection":[{"href":"https:\/\/inax.help\/de\/wp-json\/wp\/v2\/pages"}],"about":[{"href":"https:\/\/inax.help\/de\/wp-json\/wp\/v2\/types\/page"}],"author":[{"embeddable":true,"href":"https:\/\/inax.help\/de\/wp-json\/wp\/v2\/users\/5"}],"replies":[{"embeddable":true,"href":"https:\/\/inax.help\/de\/wp-json\/wp\/v2\/comments?post=3505"}],"version-history":[{"count":9,"href":"https:\/\/inax.help\/de\/wp-json\/wp\/v2\/pages\/3505\/revisions"}],"predecessor-version":[{"id":5040,"href":"https:\/\/inax.help\/de\/wp-json\/wp\/v2\/pages\/3505\/revisions\/5040"}],"wp:attachment":[{"href":"https:\/\/inax.help\/de\/wp-json\/wp\/v2\/media?parent=3505"}],"curies":[{"name":"wp","href":"https:\/\/api.w.org\/{rel}","templated":true}]}}