{"id":3503,"date":"2019-10-29T10:51:22","date_gmt":"2019-10-29T10:51:22","guid":{"rendered":"https:\/\/inax.help\/reseller\/"},"modified":"2020-01-05T08:34:32","modified_gmt":"2020-01-05T08:34:32","slug":"reseller","status":"publish","type":"page","link":"https:\/\/inax.help\/de\/reseller\/","title":{"rendered":"Reseller"},"content":{"rendered":"<p>[vc_row css=&#8220;.vc_custom_1554191782018{padding-top: 80px !important;padding-bottom: 40px !important;}&#8220;][vc_column][vc_custom_heading text=&#8220;WARUM SIE RESELLER BEI UNS WERDEN SOLLTEN&#8220; font_container=&#8220;tag:h1|font_size:32px|text_align:center|color:%2381d742&#8243; use_theme_fonts=&#8220;yes&#8220; css_animation=&#8220;lightSpeedIn&#8220;][vc_empty_space]<ul class=\"iconlist iconlist iconlist-icon-small number columns-4\"><li><div ><div class=\"iconlist-item-icon\"><\/div><div class=\"iconlist-item-content\"><h4>VERKAUF VON GEPR\u00dcFTEN L\u00d6SUNGEN<\/h4><p style=\"text-align: justify\">Wenn Sie mit uns zusammenarbeiten, stehen Ihnen marktf\u00fchrende Produkte und Dienstleistungen zur Verf\u00fcgung. Nutzen Sie unsere bereits bew\u00e4hrten L\u00f6sungen, anstatt viel Zeit, Ressourcen und Geld in die Entwicklung Ihrer eigenen Softwarel\u00f6sung zu investieren.<\/p><p><\/div><\/div><\/li><li><div ><div class=\"iconlist-item-icon\"><\/div><div class=\"iconlist-item-content\"><h4>ERHEBLICH REDUZIERTE PREISE<\/h4><p style=\"text-align: justify\">Unser Reseller-Programm bietet Partnern gro\u00dfe Rabatte auf unsere Produkte und Dienstleistungen. Dies kann Sie von der Konkurrenz abheben, wenn Sie Ihrem Kunden ein Angebot unterbreiten. Diese Vorzugspreise erh\u00f6hen nicht nur Ihre Gewinnmargen, sondern tragen auch zu einem schnelleren Wachstum Ihres Unternehmens bei.<\/p><p><\/div><\/div><\/li><li><div ><div class=\"iconlist-item-icon\"><\/div><div class=\"iconlist-item-content\"><h4>MONATLICHE GEB\u00dcHREN ERHALTEN<\/h4><p style=\"text-align: justify\" data-placeholder=\"\u00dcbersetzung\">Unser etabliertes Reseller-Programm ist der Schl\u00fcssel, um basierend auf dem von Ihnen eingebrachten Gesch\u00e4ft wiederkehrende Geb\u00fchren zu erzielen. Stellen Sie unsere Produkte erg\u00e4nzend zu Ihrem bestehenden Gesch\u00e4ftsspektrum vor, steigern Sie die Kundenbindung durch Up- und Cross-Selling und lehnen Sie sich entspannt zur\u00fcck.<\/p><p><\/div><\/div><\/li><li><div ><div class=\"iconlist-item-icon\"><\/div><div class=\"iconlist-item-content\"><h4>ENGAGIERTE UNTERST\u00dcTZUNG UND AUSBILDUNG<\/h4><p style=\"text-align: justify\" data-placeholder=\"\u00dcbersetzung\">Wir bieten alle Tools, die Sie ben\u00f6tigen, um als Wiederverk\u00e4ufer beim Verkauf unserer Produkte erfolgreich zu sein. Dies umfasst Live-Helpdesk-Support, Marketing und Schulungsunterlagen. In vielen F\u00e4llen verf\u00fcgen Sie \u00fcber einen Mitarbeiter, den Sie direkt anrufen k\u00f6nnen, um den regul\u00e4ren Support f\u00fcr Kunden zu umgehen und bevorzugten Zugriff auf die von Ihnen ben\u00f6tigte Hilfe zu erhalten.<\/p><p><\/div><\/div><\/li><\/ul>[\/vc_column][\/vc_row][vc_row full_width=&#8220;stretch_row&#8220; css=&#8220;.vc_custom_1554192035736{padding-top: 80px !important;padding-bottom: 80px !important;background-color: #ffffff !important;}&#8220;][vc_column][vc_custom_heading text=&#8220;Werden Sie Reseller&#8220; font_container=&#8220;tag:h2|font_size:24px|text_align:center|color:%233ec940&#8243; use_theme_fonts=&#8220;yes&#8220; el_class=&#8220;style1&#8243;][vc_empty_space height=&#8220;18px&#8220;][vc_column_text]<\/p>\n<p style=\"text-align: justify;\">Wir freuen uns engagierten Wiederverk\u00e4ufern verschiedene Optionen anbieten zu k\u00f6nnen, wobei wir uns auf St\u00e4rke und technisches Wissen konzentrieren. Ob Sie es vorziehen, unsere Produkte nur zu verkaufen oder Ihre Leidenschaft im Bereich der Installation und des Kundendienstes mit einem starken technischen Hintergrund liegt &#8211; wir sind ger\u00fcstet und k\u00f6nnen verschiedene Wege zum Erfolg f\u00fcr Reseller anbieten.<\/p>\n<p class=\"tw-data-text tw-text-large tw-ta\" dir=\"ltr\" style=\"text-align: justify;\" data-placeholder=\"\u00dcbersetzung\"><span lang=\"de\" tabindex=\"0\">Wenn Sie gerne Teil eines starken Teams sind, hohe und wiederkehrende Einnahmen durch Verkauf und Support von Produkten mit guter Kundenzufriedenheit erzielen m\u00f6chten, sollten Sie sich gleich jetzt bewerben. Wir freuen uns darauf, mit Ihnen zu sprechen. F\u00fchlen Sie sich erf\u00fcllt. haben Sie Spa\u00df. Helfen Sie uns, die Zukunft zu gestalten.<\/span><\/p>\n<p>[\/vc_column_text][vc_empty_space height=&#8220;50px&#8220;][vc_custom_heading text=&#8220;AKTUELLE GELEGENHEITEN&#8220; font_container=&#8220;tag:h2|text_align:center&#8220; use_theme_fonts=&#8220;yes&#8220;][vc_empty_space height=&#8220;10px&#8220;][vc_custom_heading text=&#8220;Schweiz&#8220; use_theme_fonts=&#8220;yes&#8220;][vc_column_text]<\/p>\n<table>\n<thead>\n<tr>\n<th>Status<\/th>\n<th>Standort<\/th>\n<th>Art<\/th>\n<th><\/th>\n<\/tr>\n<\/thead>\n<tbody>\n<tr>\n<td>\n<h6 class=\"no-margin-top no-margin-bottom\">Reseller<\/h6>\n<\/td>\n<td>St. Gallen<\/td>\n<td>\u00a0Vereinbarung<\/td>\n<td class=\"text-right\"><a class=\"button small\" href=\"https:\/\/inax.help\/de\/kontaktieren-sie-uns\/\">Apply Now<\/a><\/td>\n<\/tr>\n<tr>\n<td>\n<h6 class=\"no-margin-top no-margin-bottom\">Reseller &amp; Support<\/h6>\n<\/td>\n<td>Fribourg<\/td>\n<td>Vereinbarung<\/td>\n<td class=\"text-right\"><a class=\"button small\" href=\"https:\/\/inax.help\/de\/kontaktieren-sie-uns\/\">Apply Now<\/a><\/td>\n<\/tr>\n<tr>\n<td>\n<h6 class=\"no-margin-top no-margin-bottom\">Reseller &amp; Support<\/h6>\n<\/td>\n<td>Basel<\/td>\n<td>Vereinbarung<\/td>\n<td class=\"text-right\"><a class=\"button small\" href=\"https:\/\/inax.help\/de\/kontaktieren-sie-uns\/\">Apply Now<\/a><\/td>\n<\/tr>\n<\/tbody>\n<\/table>\n<p>[\/vc_column_text][vc_empty_space height=&#8220;40px&#8220;][vc_custom_heading text=&#8220;Deutschland &#8211; \u00d6sterreich&#8220; use_theme_fonts=&#8220;yes&#8220;][vc_column_text]<\/p>\n<table>\n<thead>\n<tr>\n<th>Status<\/th>\n<th>Standort<\/th>\n<th>Art<\/th>\n<th><\/th>\n<\/tr>\n<\/thead>\n<tbody>\n<tr>\n<td>\n<h6 class=\"no-margin-top no-margin-bottom\">Reseller &amp; Support<\/h6>\n<\/td>\n<td>M\u00fcnchen<\/td>\n<td>Vereinbarung<\/td>\n<td class=\"text-right\"><a class=\"button small\" href=\"https:\/\/inax.help\/de\/kontaktieren-sie-uns\/\">Apply Now<\/a><\/td>\n<\/tr>\n<tr>\n<td>\n<h6 class=\"no-margin-top no-margin-bottom\">Reseller &amp; Support<\/h6>\n<\/td>\n<td>N\u00fcrnberg<\/td>\n<td>Vereinbarung<\/td>\n<td class=\"text-right\"><a class=\"button small\" href=\"https:\/\/inax.help\/de\/kontaktieren-sie-uns\/\">Apply Now<\/a><\/td>\n<\/tr>\n<tr>\n<td>\n<h6 class=\"no-margin-top no-margin-bottom\">Reseller &amp; Support<\/h6>\n<\/td>\n<td>Stuttgart<\/td>\n<td>Vereinbarung<\/td>\n<td class=\"text-right\"><a class=\"button small\" href=\"https:\/\/inax.help\/de\/kontaktieren-sie-uns\/\">Apply Now<\/a><\/td>\n<\/tr>\n<\/tbody>\n<\/table>\n<p>[\/vc_column_text][vc_empty_space height=&#8220;40px&#8220;][vc_custom_heading text=&#8220;Anderer Standort?&#8220; use_theme_fonts=&#8220;yes&#8220;][vc_column_text]<\/p>\n<blockquote>\n<p style=\"text-align: justify;\"><strong>Nicht Ihre Gegend? Wir sind immer auf der Suche nach motivierten Wiederverk\u00e4ufern in ganz Europa. Sprechen Sie mit uns, um unsere Optionen zu besprechen und unser <a href=\"https:\/\/inax.help\/de\/kontaktieren-sie-uns\/\">Kontaktformular<\/a> auszuf\u00fcllen.<\/strong><\/p>\n<p style=\"text-align: justify;\"><strong>\u00a0<\/strong><\/p>\n<\/blockquote>\n<p>[\/vc_column_text][vc_empty_space height=&#8220;22px&#8220;][\/vc_column][\/vc_row][vc_row][vc_column width=&#8220;1\/3&#8243;][vc_empty_space height=&#8220;40px&#8220;][vc_custom_heading text=&#8220;Werden Sie Reseller bei uns&#8220; font_container=&#8220;tag:h4|text_align:center|color:%2381d742&#8243; use_theme_fonts=&#8220;yes&#8220; css_animation=&#8220;bounceInRight&#8220;][vc_empty_space height=&#8220;16px&#8220;][vc_custom_heading text=&#8220;GROSSARTIGE PRODUKTE UND EINZIGARTIGE L\u00d6SUNGEN F\u00dcR ERFOLGSGESCHICHTEN&#8220; font_container=&#8220;tag:h3|text_align:center&#8220; use_theme_fonts=&#8220;yes&#8220;][vc_empty_space height=&#8220;12px&#8220;][vc_column_text css_animation=&#8220;bounceInUp&#8220;]<\/p>\n<blockquote>\n<p style=\"text-align: center;\">INAX247 bietet gro\u00dfartige Produkte und marktf\u00fchrende L\u00f6sungen und bietet Wiederverk\u00e4ufern eine fantastische M\u00f6glichkeit, Up- und Cross-Selling-M\u00f6glichkeiten zu generieren und gleichzeitig hohe wiederkehrende Provisionen zu verdienen.<\/p>\n<\/blockquote>\n<p>[\/vc_column_text][vc_empty_space height=&#8220;40px&#8220;][\/vc_column][vc_column width=&#8220;1\/6&#8243;][\/vc_column][vc_column width=&#8220;1\/3&#8243;][vc_empty_space height=&#8220;40px&#8220;][vc_custom_heading text=&#8220;Treffen Sie unseren CTO&#8220; font_container=&#8220;tag:h4|text_align:center|color:%2381d742&#8243; use_theme_fonts=&#8220;yes&#8220;][vc_empty_space height=&#8220;16px&#8220;][vc_custom_heading text=&#8220;WARUM SIE RESELLER BEI UNS WERDEN SOLLTEN&#8220; font_container=&#8220;tag:h3|text_align:center&#8220; use_theme_fonts=&#8220;yes&#8220;][vc_empty_space height=&#8220;28px&#8220;][vc_hoverbox image=&#8220;3265&#8243; primary_title=&#8220;Video zeitnah wieder verf\u00fcgbar&#8220; hover_title=&#8220;Warum mit INAX arbeiten&#8220; css_animation=&#8220;zoomIn&#8220;]<\/p>\n<p style=\"text-align: justify;\">Erfahren Sie mehr \u00fcber INAX und ISANDO GROUP und warum unsere Produkte und Dienstleistungen ausgezeichnete Up- und Cross-Selling-M\u00f6glichkeiten f\u00fcr Wiederverk\u00e4ufer schaffen.<\/p>\n<p>&nbsp;<\/p>\n<p>&nbsp;<\/p>\n<p>[\/vc_hoverbox][vc_empty_space height=&#8220;40px&#8220;][\/vc_column][vc_column width=&#8220;1\/6&#8243;][\/vc_column][\/vc_row][vc_row][vc_column width=&#8220;1\/4&#8243;][\/vc_column][vc_column width=&#8220;1\/2&#8243;][vc_empty_space][vc_custom_heading text=&#8220;Vorteile einer Partnerschaft mit uns&#8220; font_container=&#8220;tag:h4|text_align:center|color:%2381d742&#8243; use_theme_fonts=&#8220;yes&#8220; css_animation=&#8220;bounceInRight&#8220;][vc_empty_space height=&#8220;10px&#8220;][vc_custom_heading text=&#8220;GROSSARTIGE PRODUKTE UND EINZIGARTIGE L\u00d6SUNGEN ENTWICKELN SICH AUS EINEM GROSSARTIGEN TEAM&#8220; font_container=&#8220;tag:h2|text_align:center&#8220; use_theme_fonts=&#8220;yes&#8220;][vc_empty_space height=&#8220;40px&#8220;][vc_separator][vc_empty_space height=&#8220;66px&#8220;][\/vc_column][vc_column width=&#8220;1\/4&#8243;][\/vc_column][\/vc_row][vc_row][vc_column]<ul class=\"iconlist iconlist iconlist-icon-small columns-3 gap-50\"><li><div ><div class=\"iconlist-item-icon\"><i class=\"icon-genius\"><\/i><\/div><div class=\"iconlist-item-content\"><h4>Netzwerk<\/h4><p style=\"text-align: justify\">Cloud-Dienste sind netzwerkabh\u00e4ngig, weshalb die INAX247-Netzwerkverwaltungs- und -\u00dcberwachungsdienste f\u00fcr die IT von entscheidender Bedeutung sind.<\/p><p><\/div><\/div><\/li><li><div ><div class=\"iconlist-item-icon\"><i class=\"icon-laptop\"><\/i><\/div><div class=\"iconlist-item-content\"><h4>Service Desk<\/h4><p style=\"text-align: justify\">Beim INAX 24\/7 Support geht es darum, die Serviceeffizienz zu maximieren, Probleme zu l\u00f6sen und die kontinuierliche Verbesserung des Service voranzutreiben. 365 Tage im Jahr.<\/p><p><\/div><\/div><\/li><li><div ><div class=\"iconlist-item-icon\"><i class=\"icon-mobile\"><\/i><\/div><div class=\"iconlist-item-content\"><h4>Infrastruktur<\/h4><p style=\"text-align: justify\">INAX247 stellt sicher, dass Ihre IT-Infrastruktur stets optimiert ist, um die stabilen und hochverf\u00fcgbaren Dienste zu unterst\u00fctzen, die von Unternehmen ben\u00f6tigt werden.<\/p><p><\/div><\/div><\/li><li><div ><div class=\"iconlist-item-icon\"><i class=\"icon-adjustments\"><\/i><\/div><div class=\"iconlist-item-content\"><h4>Endpoint Management<\/h4><p style=\"text-align: justify\">Client- und Server-Endpunkte werden als eine Einheit verwaltet, um Sicherheit und Stabilit\u00e4t zu gew\u00e4hrleisten und gleichzeitig die Verf\u00fcgbarkeit und die Produktivit\u00e4t der Mitarbeiter zu maximieren.<\/p><p><\/div><\/div><\/li><li><div ><div class=\"iconlist-item-icon\"><i class=\"icon-puzzle\"><\/i><\/div><div class=\"iconlist-item-content\"><h4>Applikationen<\/h4><p style=\"text-align: justify\">INAX247 unterst\u00fctzt sichere Cloud-Services sowie On-Premise-Bereitstellungen und stellt so sicher, dass Anwendungen immer f\u00fcr die bestm\u00f6gliche Benutzererfahrung optimiert werden.<\/p><p><\/div><\/div><\/li><li><div ><div class=\"iconlist-item-icon\"><i class=\"icon-layers\"><\/i><\/div><div class=\"iconlist-item-content\"><h4>Managed Services Plus<\/h4><p style=\"text-align: justify\">INAX247 bietet erweiterte Verwaltungstools f\u00fcr Kunden, die ihre Alarmserververwaltung auf eine h\u00f6here Ebene bringen m\u00f6chten.<\/p><p><\/div><\/div><\/li><\/ul>[vc_empty_space height=&#8220;8px&#8220;][\/vc_column][\/vc_row][vc_section disable_element=&#8220;yes&#8220;][vc_row][vc_column width=&#8220;1\/2&#8243;][vc_toggle]<\/p>\n<p>Toggle content goes here, click edit button to change this text.<\/p>\n<p>[\/vc_toggle][\/vc_column][vc_column width=&#8220;1\/2&#8243;][vc_toggle]Toggle content goes here, click edit button to change this text.[\/vc_toggle][\/vc_column][\/vc_row][\/vc_section][vc_row full_width=&#8220;stretch_row&#8220; css=&#8220;.vc_custom_1577732922638{background: rgba(130,181,65,0.94) url(https:\/\/inax.help\/wp-content\/uploads\/2018\/05\/imgix-391813-unsplash1.jpg?id=206) !important;*background-color: rgb(130,181,65) !important;}&#8220;][vc_column width=&#8220;1\/6&#8243;][\/vc_column][vc_column width=&#8220;2\/3&#8243;][vc_empty_space][vc_icon type=&#8220;entypo&#8220; icon_entypo=&#8220;entypo-icon entypo-icon-chat&#8220; color=&#8220;white&#8220; size=&#8220;xl&#8220; align=&#8220;center&#8220;][vc_row_inner][vc_column_inner width=&#8220;1\/6&#8243;][\/vc_column_inner][vc_column_inner width=&#8220;2\/3&#8243;][vc_custom_heading text=&#8220;WONACH SUCHEN SIE?&#8220; font_container=&#8220;tag:h1|text_align:center|color:%23ffffff&#8220; use_theme_fonts=&#8220;yes&#8220;][vc_empty_space height=&#8220;10px&#8220;][vc_custom_heading text=&#8220;Hier finden Sie Antworten und L\u00f6sungen zu unserer Produktpalette, unseren Services und allgemeinen IT-Problemen. Wenn Sie keine Antwort finden, kontaktieren Sie uns und wir helfen Ihnen gerne weiter.&#8220; font_container=&#8220;tag:div|text_align:center|color:%23ffffff&#8220; use_theme_fonts=&#8220;yes&#8220;][\/vc_column_inner][vc_column_inner width=&#8220;1\/6&#8243;][\/vc_column_inner][\/vc_row_inner][vc_empty_space height=&#8220;40px&#8220;][vc_wp_search el_class=&#8220;faq&#8220;][vc_empty_space height=&#8220;30px&#8220;][vc_custom_heading text=&#8220;Nicht erfolgreich? Bitte senden Sie eine f\u00fcr oder mailen Sie uns mit Ihrer Frage.&#8220; font_container=&#8220;tag:div|font_size:14px|text_align:center|color:%23ffffff&#8220; use_theme_fonts=&#8220;yes&#8220;][vc_empty_space height=&#8220;30px&#8220;][\/vc_column][vc_column width=&#8220;1\/6&#8243;][\/vc_column][\/vc_row][vc_row][vc_column][vc_empty_space height=&#8220;60px&#8220;][vc_custom_heading text=&#8220;TOP 10 DER BELIEBTESTEN FAQs VON WIEDERVERK\u00c4UFERN&#8220; font_container=&#8220;tag:h2|text_align:center&#8220; use_theme_fonts=&#8220;yes&#8220;][vc_empty_space height=&#8220;60px&#8220;][vc_row_inner][vc_column_inner width=&#8220;1\/2&#8243;][vc_toggle title=&#8220;Ben\u00f6tigen Sie einen Mindestumsatz?&#8220;]<\/p>\n<p style=\"text-align: justify;\">Nein, wir bieten verschiedenen Arten von Wiederverk\u00e4ufervertr\u00e4gen an &#8211; von reinen Empfehlungen bis hin zu gr\u00f6\u00dferen Wiederverk\u00e4ufern, die Vertrieb und 1st-Level-Support anbieten. Wir steigern jedoch Provisionss\u00e4tze bei h\u00f6heren Ums\u00e4tzen, da wir wissen, dass kontinuierlicher Support und Aus- und Weiterbildungen Geld kosten. Andererseits begr\u00fc\u00dfen wir auch Unternehmen, die nur von Zeit zu Zeit Empfehlungen abgeben.<\/p>\n<p>[\/vc_toggle][vc_toggle title=&#8220;Bin ich auf Kunden in meiner Region beschr\u00e4nkt?&#8220;]<\/p>\n<p style=\"text-align: justify;\">Nein, Sie k\u00f6nnen unsere Produkte und Dienstleistungen ohne Einschr\u00e4nkungen verkaufen, da wir keine festen Verkaufsgebiete vereinbaren.<\/p>\n<p>[\/vc_toggle][vc_toggle title=&#8220;Gew\u00e4hrleisten Sie Kundenschutz?&#8220;]<\/p>\n<p style=\"text-align: justify;\">Ja, nat\u00fcrlich tun wir das. Wir geben Kundendaten weder an Dritte weiter, noch wenden wir uns zu Verkaufszwecken direkt an diese. M\u00f6glicherweise m\u00fcssen wir jedoch einen Kunden kontaktieren, wenn dedizierter Support erforderlich ist, oder um technische Probleme zu l\u00f6sen.<\/p>\n<p>[\/vc_toggle][vc_toggle title=&#8220;Wie verarbeiten Sie Geb\u00fchrenzahlungen?&#8220;]<\/p>\n<p style=\"text-align: justify;\">Momentan verarbeiten wir alle Einnahmen \/ Geb\u00fchren monatlich. Jeder Wiederverk\u00e4ufer erh\u00e4lt eine detaillierte Abrechnung f\u00fcr den vorherigen Abrechnungszeitraum. Die Auszahlung erfolgt dann auf Ihr Konto in Ihrer Landesw\u00e4hrung.<\/p>\n<p>[\/vc_toggle][vc_toggle title=&#8220;Muss ich zur Mehrwertsteuer registriert sein, um einen Wiederverk\u00e4ufervertrag zu erhalten?&#8220;]<\/p>\n<p style=\"text-align: justify;\">Nein, wir arbeiten auch mit kleineren Unternehmen. Sie sind jedoch verpflichtet, Ihre eigenen steuerlichen Anforderungen zu erf\u00fcllen. F\u00fcr nicht Mehrwertsteuer-registrierte EU-Wiederverk\u00e4ufer m\u00fcssen wir die EU-Mehrwertsteuer berechnen, wenn der Service \u00fcber eine unserer EU-Niederlassungen ausgef\u00fchrt wird.<\/p>\n<p>[\/vc_toggle][\/vc_column_inner][vc_column_inner width=&#8220;1\/2&#8243;][vc_toggle title=&#8220;Mit welcher Reaktionszeit muss ich rechnen?&#8220;]<\/p>\n<p style=\"text-align: justify;\">Wir arbeiten eng mit unseren Wiederverk\u00e4ufern zusammen und streben ein 24-Stunden-Feedback an. Da wir jedoch umsatzorientiert sind, wissen wir, dass in den meisten F\u00e4llen Zeit entscheidend ist, und werden in K\u00fcrze antworten.<\/p>\n<p>[\/vc_toggle][vc_toggle title=&#8220;In welchen Sprachen bieten Sie Unterst\u00fctzung an?&#8220;]<\/p>\n<p style=\"text-align: justify;\"Unser engagiertes Team ist mehrsprachig und wir bieten derzeit Unterst\u00fctzung in den folgenden Sprachen an:<\/p>\n<ul>\n<li>Deutsch<\/li>\n<li>Englisch<\/li>\n<li>Franzsisch<\/li>\n<li>Tschechisch\/Slowakisch<\/li>\n<li>Russisch<\/li>\n<\/ul>\n<p>[\/vc_toggle][vc_toggle title=&#8220;Berechnen Sie den Reseller-Support?&#8220;]<\/p>\n<p style=\"text-align: justify;\">Derzeit berechnen wir keinen Reseller-Support, da dies in unseren Gemeinkosten enthalten ist. Wenn Ihr Kunde jedoch eine erweiterte Unterst\u00fctzung, ein Einf\u00fchrungsseminar oder eine Schulung ben\u00f6tigt, berechnen wir wettbewerbsf\u00e4hige Preise. Diese Offerten erh\u00f6hen erneut Ihren Umsatz. Bieten Sie Ihren Kunden also einen guten Start.<\/p>\n<p>[\/vc_toggle][vc_toggle title=&#8220;Wer erstellt Kundenangebote f\u00fcr Wiederverk\u00e4ufer?&#8220;]<\/p>\n<p style=\"text-align: justify;\">In den meisten F\u00e4llen erstellen wir detaillierte Angebote f\u00fcr unsere Wiederverk\u00e4ufer unter Ber\u00fccksichtigung der von Ihnen angegebenen relevanten Informationen. F\u00fcr gr\u00f6\u00dfere Projekte, schwierige Aufgaben oder in F\u00e4llen, in denen ein Reseller nicht sicher ist, wie eine technische L\u00f6sung implementiert werden soll, ist es \u00e4u\u00dferst wichtig, sich an Ihre Verkaufsabteilung zu wenden, um Hilfe zu erhalten.<\/p>\n<p>[\/vc_toggle][vc_toggle title=&#8220;Haben Sie eine Software, mit der Wiederverk\u00e4ufer detaillierte Angebote erstellen k\u00f6nnen?&#8220;]<\/p>\n<p style=\"text-align: justify;\">Wir haben derzeit keine solche Software, da die Projektangebote an Kunden immer individuell erstellt werden. Es ist jedoch geplant, im Sommer \/ Herbst 2020 ein Online-Tool f\u00fcr kleinere, standardisierte Angebote und Kundenschulungen einzuf\u00fchren.<\/p>\n<p>[\/vc_toggle][\/vc_column_inner][\/vc_row_inner][vc_empty_space height=&#8220;60px&#8220;][\/vc_column][\/vc_row]<\/p>\n","protected":false},"excerpt":{"rendered":"<p>[vc_row css=&#8220;.vc_custom_1554191782018{padding-top: 80px !important;padding-bottom: 40px !important;}&#8220;][vc_column][vc_custom_heading text=&#8220;WARUM SIE RESELLER BEI UNS WERDEN SOLLTEN&#8220; font_container=&#8220;tag:h1|font_size:32px|text_align:center|color:%2381d742&#8243; use_theme_fonts=&#8220;yes&#8220; css_animation=&#8220;lightSpeedIn&#8220;][vc_empty_space][\/vc_column][\/vc_row][vc_row full_width=&#8220;stretch_row&#8220; css=&#8220;.vc_custom_1554192035736{padding-top: 80px !important;padding-bottom: 80px !important;background-color: #ffffff !important;}&#8220;][vc_column][vc_custom_heading text=&#8220;Werden Sie Reseller&#8220; font_container=&#8220;tag:h2|font_size:24px|text_align:center|color:%233ec940&#8243; use_theme_fonts=&#8220;yes&#8220; el_class=&#8220;style1&#8243;][vc_empty_space height=&#8220;18px&#8220;][vc_column_text] Wir freuen uns engagierten Wiederverk\u00e4ufern verschiedene Optionen anbieten zu k\u00f6nnen, wobei wir uns auf St\u00e4rke und technisches Wissen konzentrieren. Ob Sie es vorziehen, unsere [&hellip;]<\/p>\n","protected":false},"author":2,"featured_media":0,"parent":0,"menu_order":0,"comment_status":"closed","ping_status":"closed","template":"","meta":[],"yoast_head":"<!-- This site is optimized with the Yoast SEO Premium plugin v15.5 - https:\/\/yoast.com\/wordpress\/plugins\/seo\/ -->\n<title>Reseller - Swiss Alarm Server Management<\/title>\n<meta name=\"description\" content=\"In den letzten 20 Jahren haben wir eine sehr gute Produktpalette entwickelt, die es motivierten Wiederverk\u00e4ufern erm\u00f6glicht, Umsatz und Ertrag zu steigern. Erg\u00e4nzen Sie unser Team!\" \/>\n<meta name=\"robots\" content=\"noindex, follow, max-snippet:-1, max-image-preview:large, max-video-preview:-1\" \/>\n<meta property=\"og:locale\" content=\"de_DE\" \/>\n<meta property=\"og:type\" content=\"article\" \/>\n<meta property=\"og:title\" content=\"Reseller - Swiss Alarm Server Management\" \/>\n<meta property=\"og:description\" content=\"In den letzten 20 Jahren haben wir eine sehr gute Produktpalette entwickelt, die es motivierten Wiederverk\u00e4ufern erm\u00f6glicht, Umsatz und Ertrag zu steigern. Erg\u00e4nzen Sie unser Team!\" \/>\n<meta property=\"og:url\" content=\"https:\/\/inax.help\/de\/reseller\/\" \/>\n<meta property=\"og:site_name\" content=\"Swiss Alarm Server Management\" \/>\n<meta property=\"article:modified_time\" content=\"2020-01-05T08:34:32+00:00\" \/>\n<meta name=\"twitter:card\" content=\"summary_large_image\" \/>\n<meta name=\"twitter:label1\" content=\"Gesch\u00e4tzte Lesezeit\">\n\t<meta name=\"twitter:data1\" content=\"7\u00a0Minuten\">\n<script type=\"application\/ld+json\" class=\"yoast-schema-graph\">{\"@context\":\"https:\/\/schema.org\",\"@graph\":[{\"@type\":\"WebSite\",\"@id\":\"https:\/\/inax.help\/#website\",\"url\":\"https:\/\/inax.help\/\",\"name\":\"Swiss Alarm Server Management\",\"description\":\"Marktf\\u00fchrende Notfalleinsatz- und Notfallplanung\\r\\n\\r\\n\",\"potentialAction\":[{\"@type\":\"SearchAction\",\"target\":\"https:\/\/inax.help\/?s={search_term_string}\",\"query-input\":\"required name=search_term_string\"}],\"inLanguage\":\"de\"},{\"@type\":\"WebPage\",\"@id\":\"https:\/\/inax.help\/de\/reseller\/#webpage\",\"url\":\"https:\/\/inax.help\/de\/reseller\/\",\"name\":\"Reseller - Swiss Alarm Server Management\",\"isPartOf\":{\"@id\":\"https:\/\/inax.help\/#website\"},\"datePublished\":\"2019-10-29T10:51:22+00:00\",\"dateModified\":\"2020-01-05T08:34:32+00:00\",\"description\":\"In den letzten 20 Jahren haben wir eine sehr gute Produktpalette entwickelt, die es motivierten Wiederverk\\u00e4ufern erm\\u00f6glicht, Umsatz und Ertrag zu steigern. Erg\\u00e4nzen Sie unser Team!\",\"inLanguage\":\"de\",\"potentialAction\":[{\"@type\":\"ReadAction\",\"target\":[\"https:\/\/inax.help\/de\/reseller\/\"]}]}]}<\/script>\n<!-- \/ Yoast SEO Premium plugin. -->","_links":{"self":[{"href":"https:\/\/inax.help\/de\/wp-json\/wp\/v2\/pages\/3503"}],"collection":[{"href":"https:\/\/inax.help\/de\/wp-json\/wp\/v2\/pages"}],"about":[{"href":"https:\/\/inax.help\/de\/wp-json\/wp\/v2\/types\/page"}],"author":[{"embeddable":true,"href":"https:\/\/inax.help\/de\/wp-json\/wp\/v2\/users\/2"}],"replies":[{"embeddable":true,"href":"https:\/\/inax.help\/de\/wp-json\/wp\/v2\/comments?post=3503"}],"version-history":[{"count":41,"href":"https:\/\/inax.help\/de\/wp-json\/wp\/v2\/pages\/3503\/revisions"}],"predecessor-version":[{"id":5036,"href":"https:\/\/inax.help\/de\/wp-json\/wp\/v2\/pages\/3503\/revisions\/5036"}],"wp:attachment":[{"href":"https:\/\/inax.help\/de\/wp-json\/wp\/v2\/media?parent=3503"}],"curies":[{"name":"wp","href":"https:\/\/api.w.org\/{rel}","templated":true}]}}